{"id":835,"date":"2026-01-04T14:21:38","date_gmt":"2026-01-04T17:21:38","guid":{"rendered":"https:\/\/cursoslidersp.com.br\/product\/manutencao-de-celular\/"},"modified":"2026-02-01T21:51:28","modified_gmt":"2026-02-02T00:51:28","slug":"manutencao-de-celular","status":"publish","type":"product","link":"https:\/\/cursoslidersp.com.br\/en\/product\/manutencao-de-celular\/","title":{"rendered":"Conserto e Manuten\u00e7\u00e3o de Celulares B\u00e1sico"},"content":{"rendered":"","protected":false},"excerpt":{"rendered":"","protected":false},"featured_media":834,"comment_status":"open","ping_status":"closed","template":"","meta":[],"product_brand":[],"product_cat":[15],"product_tag":[],"class_list":{"0":"post-835","1":"product","2":"type-product","3":"status-publish","4":"has-post-thumbnail","6":"product_cat-todos-os-cursos","8":"first","9":"instock","10":"virtual","11":"sold-individually","12":"purchasable","13":"product-type-simple"},"_links":{"self":[{"href":"https:\/\/cursoslidersp.com.br\/en\/wp-json\/wp\/v2\/product\/835","targetHints":{"allow":["GET"]}}],"collection":[{"href":"https:\/\/cursoslidersp.com.br\/en\/wp-json\/wp\/v2\/product"}],"about":[{"href":"https:\/\/cursoslidersp.com.br\/en\/wp-json\/wp\/v2\/types\/product"}],"replies":[{"embeddable":true,"href":"https:\/\/cursoslidersp.com.br\/en\/wp-json\/wp\/v2\/comments?post=835"}],"wp:featuredmedia":[{"embeddable":true,"href":"https:\/\/cursoslidersp.com.br\/en\/wp-json\/wp\/v2\/media\/834"}],"wp:attachment":[{"href":"https:\/\/cursoslidersp.com.br\/en\/wp-json\/wp\/v2\/media?parent=835"}],"wp:term":[{"taxonomy":"product_brand","embeddable":true,"href":"https:\/\/cursoslidersp.com.br\/en\/wp-json\/wp\/v2\/product_brand?post=835"},{"taxonomy":"product_cat","embeddable":true,"href":"https:\/\/cursoslidersp.com.br\/en\/wp-json\/wp\/v2\/product_cat?post=835"},{"taxonomy":"product_tag","embeddable":true,"href":"https:\/\/cursoslidersp.com.br\/en\/wp-json\/wp\/v2\/product_tag?post=835"}],"curies":[{"name":"wp","href":"https:\/\/api.w.org\/{rel}","templated":true}]}}