{"id":116,"date":"2023-07-28T12:54:13","date_gmt":"2023-07-28T15:54:13","guid":{"rendered":"https:\/\/ead.siteninjapro.com\/?post_type=product&#038;p=116"},"modified":"2023-07-28T12:54:13","modified_gmt":"2023-07-28T15:54:13","slug":"dominando-o-power-bi-da-introducao-a-analise-de-dados-avancada","status":"publish","type":"product","link":"https:\/\/cursoslidersp.com.br\/en\/product\/dominando-o-power-bi-da-introducao-a-analise-de-dados-avancada\/","title":{"rendered":"Dominando o Power BI &#8211; Da Introdu\u00e7\u00e3o \u00e0 An\u00e1lise de Dados Avan\u00e7ada"},"content":{"rendered":"","protected":false},"excerpt":{"rendered":"","protected":false},"featured_media":80,"comment_status":"open","ping_status":"closed","template":"","meta":[],"product_brand":[],"product_cat":[15],"product_tag":[],"class_list":{"0":"post-116","1":"product","2":"type-product","3":"status-publish","4":"has-post-thumbnail","6":"product_cat-todos-os-cursos","8":"first","9":"instock","10":"virtual","11":"purchasable","12":"product-type-simple"},"_links":{"self":[{"href":"https:\/\/cursoslidersp.com.br\/en\/wp-json\/wp\/v2\/product\/116","targetHints":{"allow":["GET"]}}],"collection":[{"href":"https:\/\/cursoslidersp.com.br\/en\/wp-json\/wp\/v2\/product"}],"about":[{"href":"https:\/\/cursoslidersp.com.br\/en\/wp-json\/wp\/v2\/types\/product"}],"replies":[{"embeddable":true,"href":"https:\/\/cursoslidersp.com.br\/en\/wp-json\/wp\/v2\/comments?post=116"}],"wp:featuredmedia":[{"embeddable":true,"href":"https:\/\/cursoslidersp.com.br\/en\/wp-json\/wp\/v2\/media\/80"}],"wp:attachment":[{"href":"https:\/\/cursoslidersp.com.br\/en\/wp-json\/wp\/v2\/media?parent=116"}],"wp:term":[{"taxonomy":"product_brand","embeddable":true,"href":"https:\/\/cursoslidersp.com.br\/en\/wp-json\/wp\/v2\/product_brand?post=116"},{"taxonomy":"product_cat","embeddable":true,"href":"https:\/\/cursoslidersp.com.br\/en\/wp-json\/wp\/v2\/product_cat?post=116"},{"taxonomy":"product_tag","embeddable":true,"href":"https:\/\/cursoslidersp.com.br\/en\/wp-json\/wp\/v2\/product_tag?post=116"}],"curies":[{"name":"wp","href":"https:\/\/api.w.org\/{rel}","templated":true}]}}