{"id":764,"date":"2025-12-03T10:11:42","date_gmt":"2025-12-03T13:11:42","guid":{"rendered":"https:\/\/cursoslidersp.com.br\/?page_id=764"},"modified":"2026-03-31T16:36:00","modified_gmt":"2026-03-31T19:36:00","slug":"cursotti","status":"publish","type":"page","link":"https:\/\/cursoslidersp.com.br\/en\/cursotti\/","title":{"rendered":"cursotti"},"content":{"rendered":"<div data-elementor-type=\"wp-page\" data-elementor-id=\"764\" class=\"elementor elementor-764\" data-elementor-post-type=\"page\">\n\t\t\t\t<div class=\"elementor-element elementor-element-9fdb3fb e-flex e-con-boxed e-con e-parent\" data-id=\"9fdb3fb\" data-element_type=\"container\" data-e-type=\"container\">\n\t\t\t\t\t<div class=\"e-con-inner\">\n\t\t<div class=\"elementor-element elementor-element-e5bf7e0 e-con-full e-flex e-con e-child\" data-id=\"e5bf7e0\" data-element_type=\"container\" data-e-type=\"container\">\n\t\t\t\t<\/div>\n\t\t<div class=\"elementor-element elementor-element-f7cb3f1 e-con-full e-flex e-con e-child\" data-id=\"f7cb3f1\" data-element_type=\"container\" data-e-type=\"container\">\n\t\t\t\t<div class=\"elementor-element elementor-element-f062ee1 elementor-widget elementor-widget-heading\" data-id=\"f062ee1\" data-element_type=\"widget\" data-e-type=\"widget\" data-widget_type=\"heading.default\">\n\t\t\t\t<div class=\"elementor-widget-container\">\n\t\t\t\t\t<h2 class=\"elementor-heading-title elementor-size-default\">Curso T\u00e9cnico em Transa\u00e7\u00f5es Imobili\u00e1rias<\/h2>\t\t\t\t<\/div>\n\t\t\t\t<\/div>\n\t\t\t\t<div class=\"elementor-element elementor-element-0b82640 elementor-widget elementor-widget-text-editor\" data-id=\"0b82640\" data-element_type=\"widget\" data-e-type=\"widget\" data-widget_type=\"text-editor.default\">\n\t\t\t\t<div class=\"elementor-widget-container\">\n\t\t\t\t\t\t\t\t\t<p data-start=\"664\" data-end=\"747\">Quer se tornar Corretor de Im\u00f3veis e conquistar sua independ\u00eancia financeira?<\/p><p data-start=\"664\" data-end=\"747\">O Curso T\u00e9cnico em Transa\u00e7\u00f5es Imobili\u00e1rias (TTI) \u00e9 a oportunidade ideal para voc\u00ea iniciar ou regularizar sua atua\u00e7\u00e3o no mercado imobili\u00e1rio.<\/p><p data-start=\"907\" data-end=\"1059\">Utilize sua experi\u00eancia profissional para conquistar sua Certifica\u00e7\u00e3o T\u00e9cnica por Compet\u00eancia e avan\u00e7ar na carreira com reconhecimento profissional.<\/p><div data-id=\"2ec9d605\" data-element_type=\"widget\" data-widget_type=\"heading.default\"><p><strong>Documentos obrigat\u00f3rios:<\/strong><\/p><ul><li>RG \/ CIN<\/li><li>CPF<\/li><li>T\u00cdTULO ELEITORAL<\/li><li>CERTID\u00c3O DE NASCIMENTO \/ CASAMENTO<\/li><li>COMPROVANTE DE RESID\u00caNCIA<\/li><li>RESERVISTA APENAS PARA HOMENS AT\u00c9 45 ANOS<\/li><li>HIST\u00d3RICO E CERTIFICADO DO ENSINO M\u00c9DIO<\/li><\/ul><\/div>\t\t\t\t\t\t\t\t<\/div>\n\t\t\t\t<\/div>\n\t\t\t\t<\/div>\n\t\t<div class=\"elementor-element elementor-element-ab349f7 e-con-full e-flex e-con e-child\" data-id=\"ab349f7\" data-element_type=\"container\" data-e-type=\"container\">\n\t\t\t\t<div class=\"elementor-element elementor-element-312ac60 elementor-widget elementor-widget-heading\" data-id=\"312ac60\" data-element_type=\"widget\" data-e-type=\"widget\" data-widget_type=\"heading.default\">\n\t\t\t\t<div class=\"elementor-widget-container\">\n\t\t\t\t\t<h2 class=\"elementor-heading-title elementor-size-default\">Fa\u00e7a Sua Matr\u00edcula Agora Mesmo!<\/h2>\t\t\t\t<\/div>\n\t\t\t\t<\/div>\n\t\t\t\t<div class=\"elementor-element elementor-element-3c61b3b elementor-button-align-stretch elementor-widget elementor-widget-form\" data-id=\"3c61b3b\" data-element_type=\"widget\" data-e-type=\"widget\" data-settings=\"{&quot;step_next_label&quot;:&quot;Next&quot;,&quot;step_previous_label&quot;:&quot;Previous&quot;,&quot;button_width&quot;:&quot;100&quot;,&quot;step_type&quot;:&quot;number_text&quot;,&quot;step_icon_shape&quot;:&quot;circle&quot;}\" data-widget_type=\"form.default\">\n\t\t\t\t<div class=\"elementor-widget-container\">\n\t\t\t\t\t\t\t<form class=\"elementor-form\" method=\"post\" name=\"New Form\" action=\"\">\n\t\t\t<input type=\"hidden\" name=\"post_id\" value=\"764\"\/>\n\t\t\t<input type=\"hidden\" name=\"form_id\" value=\"3c61b3b\"\/>\n\t\t\t<input type=\"hidden\" name=\"referer_title\" value=\"cursotti\" \/>\n\n\t\t\t\t\t\t\t<input type=\"hidden\" name=\"queried_id\" value=\"764\"\/>\n\t\t\t\n\t\t\t<div class=\"elementor-form-fields-wrapper elementor-labels-above\">\n\t\t\t\t\t\t\t\t<div class=\"elementor-field-type-text elementor-field-group elementor-column elementor-field-group-name elementor-col-100 elementor-field-required\">\n\t\t\t\t\t\t\t\t\t\t\t\t\t<input size=\"1\" type=\"text\" name=\"form_fields[name]\" id=\"form-field-name\" class=\"elementor-field elementor-size-sm  elementor-field-textual\" placeholder=\"Digite seu nome completo\" required=\"required\">\n\t\t\t\t\t\t\t\t\t\t\t<\/div>\n\t\t\t\t\t\t\t\t<div class=\"elementor-field-type-text elementor-field-group elementor-column elementor-field-group-field_22f7a38 elementor-col-100 elementor-field-required\">\n\t\t\t\t\t\t\t\t\t\t\t\t\t<input size=\"1\" type=\"text\" name=\"form_fields[field_22f7a38]\" id=\"form-field-field_22f7a38\" class=\"elementor-field elementor-size-sm  elementor-field-textual\" placeholder=\"Cidade?\" required=\"required\">\n\t\t\t\t\t\t\t\t\t\t\t<\/div>\n\t\t\t\t\t\t\t\t<div class=\"elementor-field-type-email elementor-field-group elementor-column elementor-field-group-email elementor-col-100 elementor-field-required\">\n\t\t\t\t\t\t\t\t\t\t\t\t\t<input size=\"1\" type=\"email\" name=\"form_fields[email]\" id=\"form-field-email\" class=\"elementor-field elementor-size-sm  elementor-field-textual\" placeholder=\"E-mail:\" required=\"required\">\n\t\t\t\t\t\t\t\t\t\t\t<\/div>\n\t\t\t\t\t\t\t\t<div class=\"elementor-field-type-tel elementor-field-group elementor-column elementor-field-group-field_ddedc91 elementor-col-100 elementor-field-required\">\n\t\t\t\t\t\t\t<input size=\"1\" type=\"tel\" name=\"form_fields[field_ddedc91]\" id=\"form-field-field_ddedc91\" class=\"elementor-field elementor-size-sm  elementor-field-textual\" placeholder=\"Digite seu Whatsapp com DDD\" required=\"required\" pattern=\"[0-9()#&amp;+*-=.]+\" title=\"Apenas n\u00fameros e caracteres de telefone (#, -, *, etc.) s\u00e3o aceitos.\">\n\n\t\t\t\t\t\t<\/div>\n\t\t\t\t\t\t\t\t<div class=\"elementor-field-type-select elementor-field-group elementor-column elementor-field-group-field_bd1f84d elementor-col-100 elementor-field-required\">\n\t\t\t\t\t\t\t\t\t\t\t\t<label for=\"form-field-field_bd1f84d\" class=\"elementor-field-label\">\n\t\t\t\t\t\t\t\tSelecione o Curso que deseja fazer\t\t\t\t\t\t\t<\/label>\n\t\t\t\t\t\t\t\t<div class=\"elementor-field elementor-select-wrapper remove-before\">\n\t\t\t<div class=\"select-caret-down-wrapper\">\n\t\t\t\t<i aria-hidden=\"true\" class=\"eicon-caret-down\"><\/i>\t\t\t<\/div>\n\t\t\t<select name=\"form_fields[field_bd1f84d]\" id=\"form-field-field_bd1f84d\" class=\"elementor-field-textual elementor-size-sm\" required=\"required\">\n\t\t\t\t\t\t\t\t\t<option value=\"CURSO TTI - T\u00e9cnico em Transa\u00e7\u00f5es Imobili\u00e1rias \">CURSO TTI - T\u00e9cnico em Transa\u00e7\u00f5es Imobili\u00e1rias <\/option>\n\t\t\t\t\t\t\t\t\t<option value=\"Administra\u00e7\u00e3o de Im\u00f3veis\">Administra\u00e7\u00e3o de Im\u00f3veis<\/option>\n\t\t\t\t\t\t\t\t\t<option value=\"Correspondente Banc\u00e1rio\">Correspondente Banc\u00e1rio<\/option>\n\t\t\t\t\t\t\t\t\t<option value=\"Documenta\u00e7\u00e3o Imobili\u00e1ria\">Documenta\u00e7\u00e3o Imobili\u00e1ria<\/option>\n\t\t\t\t\t\t\t\t\t<option value=\"Avalia\u00e7\u00e3o de Im\u00f3veis\">Avalia\u00e7\u00e3o de Im\u00f3veis<\/option>\n\t\t\t\t\t\t\t\t\t<option value=\"Loca\u00e7\u00e3o de Im\u00f3veis\">Loca\u00e7\u00e3o de Im\u00f3veis<\/option>\n\t\t\t\t\t\t\t\t\t<option value=\"Marketing Imobili\u00e1rio\">Marketing Imobili\u00e1rio<\/option>\n\t\t\t\t\t\t\t\t\t<option value=\"S\u00edndico Profissional\">S\u00edndico Profissional<\/option>\n\t\t\t\t\t\t\t\t\t<option value=\"Supletivo\">Supletivo<\/option>\n\t\t\t\t\t\t\t<\/select>\n\t\t<\/div>\n\t\t\t\t\t\t<\/div>\n\t\t\t\t\t\t\t\t<div class=\"elementor-field-group elementor-column elementor-field-type-submit elementor-col-100 e-form__buttons\">\n\t\t\t\t\t<button class=\"elementor-button elementor-size-sm\" type=\"submit\">\n\t\t\t\t\t\t<span class=\"elementor-button-content-wrapper\">\n\t\t\t\t\t\t\t\t\t\t\t\t\t\t\t\t\t\t\t\t\t\t<span class=\"elementor-button-text\">ME MANDE UM WHATSAPP<\/span>\n\t\t\t\t\t\t\t\t\t\t\t\t\t<\/span>\n\t\t\t\t\t<\/button>\n\t\t\t\t<\/div>\n\t\t\t<\/div>\n\t\t<input type=\"hidden\" name=\"trp-form-language\" value=\"en\"\/><\/form>\n\t\t\t\t\t\t<\/div>\n\t\t\t\t<\/div>\n\t\t\t\t<div class=\"elementor-element elementor-element-ec9cbc0 elementor-widget elementor-widget-heading\" data-id=\"ec9cbc0\" data-element_type=\"widget\" data-e-type=\"widget\" data-widget_type=\"heading.default\">\n\t\t\t\t<div class=\"elementor-widget-container\">\n\t\t\t\t\t<h2 class=\"elementor-heading-title elementor-size-default\">Sobre o curso:<\/h2>\t\t\t\t<\/div>\n\t\t\t\t<\/div>\n\t\t\t\t<div class=\"elementor-element elementor-element-7b623e5 elementor-widget elementor-widget-text-editor\" data-id=\"7b623e5\" data-element_type=\"widget\" data-e-type=\"widget\" data-widget_type=\"text-editor.default\">\n\t\t\t\t<div class=\"elementor-widget-container\">\n\t\t\t\t\t\t\t\t\t<ul><li>Curso 100% online.<\/li><li>01 \u00fanica prova online.<\/li><li>Sem a necessidade do est\u00e1gio obrigat\u00f3rio.<\/li><li>Certificado em at\u00e9 30 dias.<\/li><\/ul>\t\t\t\t\t\t\t\t<\/div>\n\t\t\t\t<\/div>\n\t\t\t\t<\/div>\n\t\t\t\t\t<\/div>\n\t\t\t\t<\/div>\n\t\t\t\t<\/div>","protected":false},"excerpt":{"rendered":"<p>Curso T\u00e9cnico em Transa\u00e7\u00f5es Imobili\u00e1rias Quer se tornar Corretor de Im\u00f3veis e conquistar sua independ\u00eancia financeira? O Curso<\/p>","protected":false},"author":22,"featured_media":0,"parent":0,"menu_order":0,"comment_status":"closed","ping_status":"closed","template":"","meta":{"_tutorstarter_page_metadata":[],"footnotes":""},"class_list":["post-764","page","type-page","status-publish","hentry"],"_hostinger_reach_plugin_has_subscription_block":false,"_hostinger_reach_plugin_is_elementor":false,"_links":{"self":[{"href":"https:\/\/cursoslidersp.com.br\/en\/wp-json\/wp\/v2\/pages\/764","targetHints":{"allow":["GET"]}}],"collection":[{"href":"https:\/\/cursoslidersp.com.br\/en\/wp-json\/wp\/v2\/pages"}],"about":[{"href":"https:\/\/cursoslidersp.com.br\/en\/wp-json\/wp\/v2\/types\/page"}],"author":[{"embeddable":true,"href":"https:\/\/cursoslidersp.com.br\/en\/wp-json\/wp\/v2\/users\/22"}],"replies":[{"embeddable":true,"href":"https:\/\/cursoslidersp.com.br\/en\/wp-json\/wp\/v2\/comments?post=764"}],"version-history":[{"count":28,"href":"https:\/\/cursoslidersp.com.br\/en\/wp-json\/wp\/v2\/pages\/764\/revisions"}],"predecessor-version":[{"id":1236,"href":"https:\/\/cursoslidersp.com.br\/en\/wp-json\/wp\/v2\/pages\/764\/revisions\/1236"}],"wp:attachment":[{"href":"https:\/\/cursoslidersp.com.br\/en\/wp-json\/wp\/v2\/media?parent=764"}],"curies":[{"name":"wp","href":"https:\/\/api.w.org\/{rel}","templated":true}]}}